{"id":140,"date":"2022-04-19T15:16:56","date_gmt":"2022-04-19T15:16:56","guid":{"rendered":"https:\/\/d.cc1.vn\/?page_id=140"},"modified":"2026-03-17T11:11:07","modified_gmt":"2026-03-17T04:11:07","slug":"tong-quan","status":"publish","type":"page","link":"https:\/\/www.cc1.vn\/en\/gioi-thieu-cc1\/tong-quan.html","title":{"rendered":"Overview"},"content":{"rendered":"<div data-elementor-type=\"wp-page\" data-elementor-id=\"140\" class=\"elementor elementor-140\">\n\t\t\t\t\t\t\t\t\t<section class=\"elementor-section elementor-top-section elementor-element elementor-element-f46c24b elementor-section-full_width elementor-section-height-default elementor-section-height-default\" data-id=\"f46c24b\" data-element_type=\"section\">\n\t\t\t\t\t\t<div class=\"elementor-container elementor-column-gap-default\">\n\t\t\t\t\t<div class=\"elementor-column elementor-col-100 elementor-top-column elementor-element elementor-element-fccc1ca\" data-id=\"fccc1ca\" data-element_type=\"column\">\n\t\t\t<div class=\"elementor-widget-wrap elementor-element-populated\">\n\t\t\t\t\t\t\t\t<div class=\"elementor-element elementor-element-51e04ab elementor-widget elementor-widget-cc1_page_menu\" data-id=\"51e04ab\" data-element_type=\"widget\" data-widget_type=\"cc1_page_menu.default\">\n\t\t\t\t<div class=\"elementor-widget-container\">\n\t\t\t        <div class=\"page-navigation\">\r\n            <div class=\"container\">\r\n                <ul class=\"pagemenu navigation-box\">\r\n                                                <li class=\"pagemenu-item active\"><a href=\"https:\/\/www.cc1.vn\/en\/gioi-thieu-cc1\/tong-quan.html\">Overview<\/a><\/li>\r\n                                                    <li class=\"pagemenu-item\"><a href=\"https:\/\/www.cc1.vn\/en\/gioi-thieu-cc1\/lich-su-phat-trien.html\">Milestones<\/a><\/li>\r\n                                                    <li class=\"pagemenu-item\"><a href=\"https:\/\/www.cc1.vn\/en\/thanh-vien\/cong-ty-thanh-vien.html\">Member Companies<\/a><\/li>\r\n                                                    <li class=\"pagemenu-item\"><a href=\"https:\/\/www.cc1.vn\/en\/gioi-thieu-cc1\/doi-ngu-nhan-su.html\">Key People<\/a><\/li>\r\n                                                    <li class=\"pagemenu-item\"><a href=\"https:\/\/www.cc1.vn\/en\/gioi-thieu-cc1\/so-do-to-chuc.html\">Organizational Chart<\/a><\/li>\r\n                                                    <li class=\"pagemenu-item\"><a href=\"https:\/\/www.cc1.vn\/en\/thanh-vien\/ban-dieu-hanh-ban-quan-ly.html\">Project Management<\/a><\/li>\r\n                                                    <li class=\"pagemenu-item\"><a href=\"https:\/\/www.cc1.vn\/en\/gioi-thieu-cc1\/thanh-tich-chung-chi.html\">Awards<\/a><\/li>\r\n                                                    <li class=\"pagemenu-item\"><a href=\"https:\/\/www.cc1.vn\/en\/tam-nhin-su-menh.html\">Vision, mission<\/a><\/li>\r\n                                        <\/ul>\r\n            <\/div>\r\n        <\/div>\r\n        <script>\r\n            \/\/ jQuery('.pagemenu').bxSlider({\r\n            \/\/     pager: false,\r\n            \/\/     slideMargin: 0,\r\n            \/\/     infiniteLoop: false,\r\n            \/\/     randomStart: false,\r\n            \/\/     mode: 'horizontal',\r\n            \/\/     responsive: true,\r\n            \/\/     hideControlOnEnd: true,\r\n            \/\/     minSlides: 6,\r\n            \/\/     maxSlides: 6,\r\n            \/\/     touchEnabled:false,\r\n            \/\/     autoDirection: 'prev',\r\n            \/\/     slideWidth: 200,\r\n            \/\/     breaks: [{ screen: 0, slides: 1 }, { screen: 768, slides: 3 }, { screen: 1024, slides: 5 }]\r\n            \/\/ });\r\n\r\n            \/\/ Use the conventional $ prefix for variables that hold jQuery objects.\r\n            var $slider;\r\n\r\n            \/\/ If the only purpose of the windowWidth() function is to set the slide variables,\r\n            \/\/ it can be renamed and rewritten to supply the full configuration object instead.\r\n            function buildSliderConfiguration() {\r\n\r\n                \/\/ When possible, you should cache calls to jQuery functions to improve performance.\r\n                var windowWidth = jQuery(window).width();\r\n                var numberOfVisibleSlides;\r\n                var slideWidth = 200;\r\n\r\n                if (windowWidth < 600) {\r\n                    numberOfVisibleSlides = 2;\r\n                } else if (windowWidth < 768) {\r\n                    numberOfVisibleSlides = 3;\r\n                } else if (windowWidth < 1200) {\r\n                    numberOfVisibleSlides = 5;\r\n                } else {\r\n                    numberOfVisibleSlides = 6;\r\n                }\r\n                if(jQuery( \"section\" ).hasClass( \"field__content\" ) && jQuery('html').attr( \"lang\" ) == 'en-US'){\r\n                    if (windowWidth < 600) {\r\n                    numberOfVisibleSlides = 2;\r\n                    } else if (windowWidth < 768) {\r\n                        numberOfVisibleSlides = 2;\r\n                    } else if (windowWidth < 1200) {\r\n                        numberOfVisibleSlides = 3;\r\n                    } else {\r\n                        numberOfVisibleSlides = 4;\r\n                    }\r\n                    slideWidth = 300;\r\n                }\r\n                return {\r\n                    pager: false,\r\n                    slideMargin: 0,\r\n                    infiniteLoop: false,\r\n                    randomStart: false,\r\n                    mode: 'horizontal',\r\n                    responsive: true,\r\n                    hideControlOnEnd: true,\r\n                    touchEnabled:false,\r\n                    autoDirection: 'prev',\r\n                    slideWidth: slideWidth,\r\n                    minSlides: numberOfVisibleSlides,\r\n                    maxSlides: numberOfVisibleSlides\r\n                };\r\n            }\r\n\r\n            \/\/ This function can be called either to initialize the slider for the first time\r\n            \/\/ or to reload the slider when its size changes.\r\n            function configureSlider() {\r\n                var config = buildSliderConfiguration();\r\n\r\n                if ($slider && $slider.reloadSlider) {\r\n                    \/\/ If the slider has already been initialized, reload it.\r\n                    $slider.reloadSlider(config);\r\n                } else {\r\n                    \/\/ Otherwise, initialize the slider.\r\n                    $slider = jQuery('.pagemenu').bxSlider(config);\r\n                }\r\n            }\r\n\r\n            \/\/ jQuery('.slider-prev').click(function () {\r\n            \/\/     var current = $slider.getCurrentSlide();\r\n            \/\/     $slider.goToPrevSlide(current) - 1;\r\n            \/\/ });\r\n\r\n            \/\/ $('.slider-next').click(function () {\r\n            \/\/     var current = $slider.getCurrentSlide();\r\n            \/\/     $slider.goToNextSlide(current) + 1;\r\n            \/\/ });\r\n\r\n            \/\/ Configure the slider every time its size changes.\r\n            jQuery(window).on(\"orientationchange resize\", configureSlider);\r\n            \/\/ Configure the slider once on page load.\r\n            configureSlider();\r\n\r\n        <\/script>\r\n        \t\t<\/div>\n\t\t\t\t<\/div>\n\t\t\t\t\t<\/div>\n\t\t<\/div>\n\t\t\t\t\t\t\t<\/div>\n\t\t<\/section>\n\t\t\t\t<section class=\"elementor-section elementor-top-section elementor-element elementor-element-e61a205 container mt-50 elementor-section-boxed elementor-section-height-default elementor-section-height-default\" data-id=\"e61a205\" data-element_type=\"section\">\n\t\t\t\t\t\t<div class=\"elementor-container elementor-column-gap-default\">\n\t\t\t\t\t<div class=\"elementor-column elementor-col-100 elementor-top-column elementor-element elementor-element-95b2a87\" data-id=\"95b2a87\" data-element_type=\"column\">\n\t\t\t<div class=\"elementor-widget-wrap elementor-element-populated\">\n\t\t\t\t\t\t\t\t<section class=\"elementor-section elementor-inner-section elementor-element elementor-element-081f93a elementor-section-boxed elementor-section-height-default elementor-section-height-default\" data-id=\"081f93a\" data-element_type=\"section\">\n\t\t\t\t\t\t<div class=\"elementor-container elementor-column-gap-default\">\n\t\t\t\t\t<div class=\"elementor-column elementor-col-50 elementor-inner-column elementor-element elementor-element-0857eb0\" data-id=\"0857eb0\" data-element_type=\"column\">\n\t\t\t<div class=\"elementor-widget-wrap elementor-element-populated\">\n\t\t\t\t\t\t\t\t<div class=\"elementor-element elementor-element-f18538e elementor-widget elementor-widget-heading\" data-id=\"f18538e\" data-element_type=\"widget\" data-widget_type=\"heading.default\">\n\t\t\t\t<div class=\"elementor-widget-container\">\n\t\t\t<h3 class=\"elementor-heading-title elementor-size-default\">Overview<\/h3>\t\t<\/div>\n\t\t\t\t<\/div>\n\t\t\t\t<div class=\"elementor-element elementor-element-a3e67f9 elementor-widget elementor-widget-text-editor\" data-id=\"a3e67f9\" data-element_type=\"widget\" data-widget_type=\"text-editor.default\">\n\t\t\t\t<div class=\"elementor-widget-container\">\n\t\t\t\t\t\t\t\t\t\t\t\t\t<\/div>\n\t\t\t\t<\/div>\n\t\t\t\t<div class=\"elementor-element elementor-element-0926991 elementor-widget elementor-widget-html\" data-id=\"0926991\" data-element_type=\"widget\" data-widget_type=\"html.default\">\n\t\t\t\t<div class=\"elementor-widget-container\">\n\t\t\t<table class=\"table table-striped table-overview\" style=\"width:90%\">\n    <tr>\n        <td>\n            Full name\n        <\/td>\n        <td>\n            CONSTRUCTION CORPORATION NO. 1 \u2013 JOINT STOCK COMPANY\n        <\/td>\n    <\/tr>\n     <tr>\n        <td>\n            Trading name\n        <\/td>\n        <td>\n             CONSTRUCTION CORPORATION NO. 1 - JSC\n        <\/td>\n    <\/tr>\n     <tr>\n        <td>\n            Acronym\n        <\/td>\n        <td>\n            CC1\n        <\/td>\n    <\/tr>\n     <tr>\n        <td>\n            Charter capital\n        <\/td>\n        <td>\n            3.979 billion VND\n        <\/td>\n    <\/tr>\n     <tr>\n        <td>\n            Tax code\n        <\/td>\n        <td>\n            0301429113\n        <\/td>\n    <\/tr>\n     <tr>\n        <td>\n            Head office\n        <\/td>\n        <td>\n            111A Pasteur Street, Saigon Ward, Ho Chi Minh City, Vietnam\n        <\/td>\n    <\/tr>\n     <tr>\n        <td>\n            Telephone\n        <\/td>\n        <td>\n            (+84) 28 38222 059\n        <\/td>\n    <\/tr>\n     <tr>\n        <td>\n            Fax\n        <\/td>\n        <td>\n            (+84)  28 38290 500\n        <\/td>\n    <\/tr>\n    <tr>\n        <td>\n            Website\n        <\/td>\n        <td>\n            cc1.vn\n        <\/td>\n    <\/tr>\n    <tr>\n        <td>\n            Email\n        <\/td>\n        <td>\n            info@cc1.vn\n        <\/td>\n    <\/tr>\n    <tr>\n        <td>\n            Legal Representative\n        <\/td>\n        <td>\n             Mr. Le Bao Anh\n        <\/td>\n    <\/tr>\n     <tr>\n        <td>\n            Position\n        <\/td>\n        <td>\n            General Director\n        <\/td>\n    <\/tr>\n<\/table>\t\t<\/div>\n\t\t\t\t<\/div>\n\t\t\t\t\t<\/div>\n\t\t<\/div>\n\t\t\t\t<div class=\"elementor-column elementor-col-50 elementor-inner-column elementor-element elementor-element-c305858\" data-id=\"c305858\" data-element_type=\"column\">\n\t\t\t<div class=\"elementor-widget-wrap elementor-element-populated\">\n\t\t\t\t\t\t\t\t<div class=\"elementor-element elementor-element-249020d elementor-widget elementor-widget-image\" data-id=\"249020d\" data-element_type=\"widget\" data-widget_type=\"image.default\">\n\t\t\t\t<div class=\"elementor-widget-container\">\n\t\t\t\t\t\t\t\t\t\t\t\t\t\t\t<img width=\"640\" height=\"731\" src=\"https:\/\/www.cc1.vn\/wp-content\/uploads\/2022\/05\/contemporary-architecture-office-building-cityscape-personal-perspective-concept.png\" class=\"attachment-full size-full\" alt=\"\" loading=\"lazy\" srcset=\"https:\/\/www.cc1.vn\/wp-content\/uploads\/2022\/05\/contemporary-architecture-office-building-cityscape-personal-perspective-concept.png 640w, https:\/\/www.cc1.vn\/wp-content\/uploads\/2022\/05\/contemporary-architecture-office-building-cityscape-personal-perspective-concept-263x300.png 263w\" sizes=\"(max-width: 640px) 100vw, 640px\" \/>\t\t\t\t\t\t\t\t\t\t\t\t\t\t\t<\/div>\n\t\t\t\t<\/div>\n\t\t\t\t\t<\/div>\n\t\t<\/div>\n\t\t\t\t\t\t\t<\/div>\n\t\t<\/section>\n\t\t\t\t<div class=\"elementor-element elementor-element-f2aa832 elementor-widget elementor-widget-image\" data-id=\"f2aa832\" data-element_type=\"widget\" data-widget_type=\"image.default\">\n\t\t\t\t<div class=\"elementor-widget-container\">\n\t\t\t\t\t\t\t\t\t\t\t\t\t\t\t<img width=\"5876\" height=\"4180\" src=\"https:\/\/www.cc1.vn\/wp-content\/uploads\/2023\/10\/2_Chart-01-1.jpg\" class=\"attachment-full size-full\" alt=\"\" loading=\"lazy\" \/>\t\t\t\t\t\t\t\t\t\t\t\t\t\t\t<\/div>\n\t\t\t\t<\/div>\n\t\t\t\t\t<\/div>\n\t\t<\/div>\n\t\t\t\t\t\t\t<\/div>\n\t\t<\/section>\n\t\t\t\t\t\t\t<\/div>","protected":false},"excerpt":{"rendered":"<p>T\u1ed5ng quan L\u1ecbch s\u1eed ph\u00e1t tri\u1ec3n C\u00f4ng ty th\u00e0nh vi\u00ean \u0110\u1ed9i ng\u0169 nh\u00e2n s\u1ef1 S\u01a1 \u0111\u1ed3 t\u1ed5 ch\u1ee9c Ban \u0111i\u1ec1u h\u00e0nh \/ Ban qu\u1ea3n l\u00fd Th\u00e0nh t\u00edch, ch\u1ee9ng ch\u1ec9 T\u1ea7m nh\u00ecn \u2013 S\u1ee9 m\u1ec7nh T\u1ed5ng Quan T\u00ean \u0111\u1ea7y \u0111\u1ee7 T\u1ed4NG C\u00d4NG TY X\u00c2Y D\u1ef0NG S\u1ed0 1 &#8211; CTCP T\u00ean giao d\u1ecbch CONSTRUCTION CORPORATION NO. 1 [&hellip;]<\/p>","protected":false},"author":1,"featured_media":0,"parent":138,"menu_order":0,"comment_status":"closed","ping_status":"closed","template":"","meta":[],"aioseo_notices":[],"_links":{"self":[{"href":"https:\/\/www.cc1.vn\/en\/wp-json\/wp\/v2\/pages\/140"}],"collection":[{"href":"https:\/\/www.cc1.vn\/en\/wp-json\/wp\/v2\/pages"}],"about":[{"href":"https:\/\/www.cc1.vn\/en\/wp-json\/wp\/v2\/types\/page"}],"author":[{"embeddable":true,"href":"https:\/\/www.cc1.vn\/en\/wp-json\/wp\/v2\/users\/1"}],"replies":[{"embeddable":true,"href":"https:\/\/www.cc1.vn\/en\/wp-json\/wp\/v2\/comments?post=140"}],"version-history":[{"count":70,"href":"https:\/\/www.cc1.vn\/en\/wp-json\/wp\/v2\/pages\/140\/revisions"}],"predecessor-version":[{"id":20370,"href":"https:\/\/www.cc1.vn\/en\/wp-json\/wp\/v2\/pages\/140\/revisions\/20370"}],"up":[{"embeddable":true,"href":"https:\/\/www.cc1.vn\/en\/wp-json\/wp\/v2\/pages\/138"}],"wp:attachment":[{"href":"https:\/\/www.cc1.vn\/en\/wp-json\/wp\/v2\/media?parent=140"}],"curies":[{"name":"wp","href":"https:\/\/api.w.org\/{rel}","templated":true}]}}